{"id":17,"date":"2014-04-30T15:07:02","date_gmt":"2014-04-30T14:07:02","guid":{"rendered":"http:\/\/www.test.ak-panvita.eu\/?page_id=17"},"modified":"2018-11-26T17:47:38","modified_gmt":"2018-11-26T15:47:38","slug":"lokacija","status":"publish","type":"page","link":"https:\/\/www.ak-pomurje.si\/?page_id=17","title":{"rendered":"Lokacija"},"content":{"rendered":"<p><strong>Kako nas najdete&#8230;<\/strong><\/p>\n<p style=\"text-align: justify;\">Najla\u017eje nas najdete na atletskem stadionu pri osnovni \u0161oli I v Murski Soboti, kjer se skoraj vsaj dan odvijajo treningi v razli\u010dnih starostnih kategorijah. Na\u0161i trenerji vam bodo z veseljem odgovorili na morebitna vpra\u0161anja o vadbi v na\u0161em klubu, o na\u010dinu treniranja atletike za posamezno starostno obdobje otrok, o \u0161portni prehrani, tekmovanjih na lokalnem in dr\u017eavnem nivoju ali pa na kak\u0161na splo\u0161na vpra\u0161anja o rekreativni vadbi za starej\u0161e.<\/p>\n<h1><img loading=\"lazy\" decoding=\"async\" class=\"wp-image-1177 aligncenter\" src=\"https:\/\/www.ak-pomurje.si\/wp-content\/uploads\/2017\/01\/stadion_lokacija.jpg\" width=\"699\" height=\"466\" srcset=\"https:\/\/www.ak-pomurje.si\/wp-content\/uploads\/2017\/01\/stadion_lokacija.jpg 1024w, https:\/\/www.ak-pomurje.si\/wp-content\/uploads\/2017\/01\/stadion_lokacija-300x200.jpg 300w, https:\/\/www.ak-pomurje.si\/wp-content\/uploads\/2017\/01\/stadion_lokacija-768x512.jpg 768w\" sizes=\"auto, (max-width: 699px) 100vw, 699px\" \/><\/h1>\n<p>&nbsp;<\/p>\n<p style=\"text-align: center;\"><strong>Lokacija treningov<\/strong><\/p>\n<p style=\"text-align: center;\"><div id=\"wpgmza_map\" class=\"wpgmza_map\" data-settings='{\"id\":\"1\",\"map_title\":\"AK Pomurje\",\"map_width\":\"100\",\"map_height\":\"400\",\"map_start_lat\":\"46.661485\",\"map_start_lng\":\"16.156444\",\"map_start_location\":\"46.66148495943591,16.15644421236061\",\"map_start_zoom\":\"15\",\"default_marker\":\"0\",\"type\":\"1\",\"alignment\":\"2\",\"directions_enabled\":\"1\",\"styling_enabled\":\"0\",\"styling_json\":\"\",\"active\":\"0\",\"kml\":\"\",\"bicycle\":\"0\",\"traffic\":\"0\",\"dbox\":\"1\",\"dbox_width\":\"100\",\"listmarkers\":\"0\",\"listmarkers_advanced\":\"0\",\"filterbycat\":\"0\",\"ugm_enabled\":\"0\",\"ugm_category_enabled\":\"0\",\"fusion\":\"\",\"map_width_type\":\"\\\\%\",\"map_height_type\":\"px\",\"mass_marker_support\":\"1\",\"ugm_access\":\"0\",\"order_markers_by\":\"1\",\"order_markers_choice\":\"2\",\"show_user_location\":\"0\",\"default_to\":\"\",\"other_settings\":{\"store_locator_enabled\":2,\"store_locator_distance\":2,\"store_locator_default_radius\":\"10\",\"store_locator_not_found_message\":\"No results found in this location. Please try again.\",\"store_locator_bounce\":1,\"store_locator_query_string\":\"ZIP \\\/ Address:\",\"store_locator_default_address\":\"\",\"wpgmza_store_locator_restrict\":\"\",\"store_locator_style\":\"modern\",\"wpgmza_store_locator_radius_style\":\"modern\",\"map_max_zoom\":\"1\",\"transport_layer\":0,\"wpgmza_theme_data\":\"[ \\\\\\\"visibility\\\\\\\", \\\\\\\"invert_lightness\\\\\\\", \\\\\\\"color\\\\\\\", \\\\\\\"weight\\\\\\\", \\\\\\\"hue\\\\\\\", \\\\\\\"saturation\\\\\\\", \\\\\\\"lightness\\\\\\\", \\\\\\\"gamma\\\\\\\"]\",\"wpgmza_theme_selection\":0,\"wpgmza_show_points_of_interest\":1}}' data-map-id='1' Data-maps-engine='google-maps' data-shortcode-attributes='{\"id\":\"1\"}' style=\"display:block; overflow:auto; width:100%; height:400px; float:left;\"><\/div><\/p>\n","protected":false},"excerpt":{"rendered":"<p>Kako nas najdete&#8230; Najla\u017eje nas najdete na atletskem stadionu pri osnovni \u0161oli I v Murski Soboti, kjer se skoraj vsaj &hellip;<\/p>\n","protected":false},"author":1,"featured_media":0,"parent":47,"menu_order":0,"comment_status":"closed","ping_status":"closed","template":"","meta":{"ngg_post_thumbnail":0,"footnotes":""},"class_list":["post-17","page","type-page","status-publish","hentry"],"_links":{"self":[{"href":"https:\/\/www.ak-pomurje.si\/index.php?rest_route=\/wp\/v2\/pages\/17","targetHints":{"allow":["GET"]}}],"collection":[{"href":"https:\/\/www.ak-pomurje.si\/index.php?rest_route=\/wp\/v2\/pages"}],"about":[{"href":"https:\/\/www.ak-pomurje.si\/index.php?rest_route=\/wp\/v2\/types\/page"}],"author":[{"embeddable":true,"href":"https:\/\/www.ak-pomurje.si\/index.php?rest_route=\/wp\/v2\/users\/1"}],"replies":[{"embeddable":true,"href":"https:\/\/www.ak-pomurje.si\/index.php?rest_route=%2Fwp%2Fv2%2Fcomments&post=17"}],"version-history":[{"count":19,"href":"https:\/\/www.ak-pomurje.si\/index.php?rest_route=\/wp\/v2\/pages\/17\/revisions"}],"predecessor-version":[{"id":1195,"href":"https:\/\/www.ak-pomurje.si\/index.php?rest_route=\/wp\/v2\/pages\/17\/revisions\/1195"}],"up":[{"embeddable":true,"href":"https:\/\/www.ak-pomurje.si\/index.php?rest_route=\/wp\/v2\/pages\/47"}],"wp:attachment":[{"href":"https:\/\/www.ak-pomurje.si\/index.php?rest_route=%2Fwp%2Fv2%2Fmedia&parent=17"}],"curies":[{"name":"wp","href":"https:\/\/api.w.org\/{rel}","templated":true}]}}